{"id":19796,"date":"2025-06-26T20:08:31","date_gmt":"2025-06-26T20:08:31","guid":{"rendered":"https:\/\/qandycode.com\/?page_id=19796"},"modified":"2025-07-06T17:37:52","modified_gmt":"2025-07-06T17:37:52","slug":"gc-popart-paycode","status":"publish","type":"page","link":"https:\/\/qandycode.com\/es\/gc-popart-paycode\/","title":{"rendered":"GC Pop Art Paycode"},"content":{"rendered":"<section class=\"brando-row-1\"><div class=\"container\"><div class=\"row\"><div class=\"wpb_column brando-column-container brando-column-1 vc_col-sm-12 col-xs-mobile-fullwidth\" data-front-class=\"brando-column-container brando-column-1 col-xs-mobile-fullwidth\"><div class=\"vc-column-innner-wrapper\"><div class=\"wpd-innner-wrapper\"><div class=\"brando-inner-row-1 brando-inner-row-class\"><div class=\"wpb_column brando-column-container brando-column-2 vc_col-sm-2 col-xs-mobile-fullwidth\" data-front-class=\"brando-column-container brando-column-2 col-xs-mobile-fullwidth\"><div class=\"vc-column-innner-wrapper\"><div class=\"wpd-innner-wrapper\"><\/div><\/div><\/div><div class=\"wpb_column brando-column-container brando-column-3 vc_col-sm-8 col-xs-mobile-fullwidth\" data-front-class=\"brando-column-container brando-column-3 col-xs-mobile-fullwidth\"><div class=\"vc-column-innner-wrapper\"><div class=\"wpd-innner-wrapper\"><div class=\"brando-text-1\"><div class=\"frm_forms  with_frm_style frm_style_gc-yellow-bg\" id=\"frm_form_98_container\" data-token=\"209578dabacba9471e3c251bf1f8a924\">\n<form enctype=\"multipart\/form-data\" method=\"post\" class=\"frm-show-form  frm_pro_form \" id=\"form_gc-pay-code-confirmation\" data-token=\"209578dabacba9471e3c251bf1f8a924\">\n<div class=\"frm_form_fields \">\n<fieldset>\n<legend class=\"frm_screen_reader\">GC Pay Code (App - Mercado Pago)<\/legend>\r\n\r\n<div class=\"frm_fields_container\">\n<input type=\"hidden\" name=\"frm_action\" value=\"create\" \/>\n<input type=\"hidden\" name=\"form_id\" value=\"98\" \/>\n<input type=\"hidden\" name=\"frm_hide_fields_98\" id=\"frm_hide_fields_98\" value=\"\" \/>\n<input type=\"hidden\" name=\"form_key\" value=\"gc-pay-code-confirmation\" \/>\n<input type=\"hidden\" name=\"item_meta[0]\" value=\"\" \/>\n<input type=\"hidden\" id=\"frm_submit_entry_98\" name=\"frm_submit_entry_98\" value=\"9f401b840e\" \/><input type=\"hidden\" name=\"_wp_http_referer\" value=\"\/es\/wp-json\/wp\/v2\/pages\/19796\" \/><div id=\"frm_field_1526_container\" class=\"frm_form_field  frm_html_container form-field\"><img decoding=\"async\" src=\"http:\/\/giancana.com\/wp-content\/uploads\/2025\/01\/Banners_tran_dark.png\" style=\"padding:0 15px;\"\/><\/div>\n<div id=\"frm_field_1527_container\" class=\"frm_form_field  frm_first frm_html_container form-field\">\n<div class=\"gcerror\"><i class=\"fa-solid fa-circle-exclamation\"><\/i>Este correo no es v\u00e1lido. Confirme que no haya errores e intente de nuevo.<\/div>\n<\/div>\n<div id=\"frm_field_1528_container\" class=\"frm_form_field  frm_html_container form-field\">\n<div style=\"font-size:3em !important;\"><i class=\"fa-solid fa-square-check\"><\/i><\/div>\n<\/div>\n<div id=\"frm_field_1409_container\" class=\"frm_form_field  frm_first frm_html_container form-field\">\n<div class=\"gcupload\">\n<p>Ingrese el correo electr\u00f3nico que us\u00f3 para realizar su pedido:<\/p>\n<\/div>\n<\/div>\n\t\t<input  type=\"hidden\" name=\"item_meta[1408]\" id=\"field_2433t\" value=\"\"     \/>\n\t\t<div id=\"frm_field_1513_container\" class=\"frm_form_field form-field  frm_required_field frm_none_container\">\r\n\t<label for=\"field_gdoo1\" id=\"field_gdoo1_label\" class=\"frm_primary_label\">PO Lookup (Email)\r\n\t\t<span class=\"frm_required\" aria-hidden=\"true\"><\/span>\r\n\t<\/label>\r\n\t\t<input type=\"text\" id=\"field_gdoo1\" name=\"item_meta[1513]\" value=\"\"  placeholder=\"correo electr\u00f3nico\" data-reqmsg=\"PO Lookup (Email) cannot be blank.\" aria-required=\"true\" data-invmsg=\"PO Lookup (Email) is invalid\" aria-invalid=\"false\"  \/>\n\t\r\n\t\r\n\t\r\n<\/div>\n\t\t<input  type=\"hidden\" name=\"item_meta[1514]\" id=\"field_9gpxq\" value=\"\"     \/>\n\t\t\t\t<input  type=\"hidden\" name=\"item_meta[1515]\" id=\"field_arn5l\" value=\"\"     \/>\n\t\t\t\t<input  type=\"hidden\" name=\"item_meta[1530]\" id=\"field_p16vw\" value=\"\"     \/>\n\t\t\t\t<input  type=\"hidden\" name=\"item_meta[1516]\" id=\"field_qr1sc\" value=\"\"     \/>\n\t\t\t\t<input  type=\"hidden\" name=\"item_meta[1517]\" id=\"field_xofgo\" value=\"\"     \/>\n\t\t\t\t<input  type=\"hidden\" name=\"item_meta[1518]\" id=\"field_hevs4\" value=\"\"     \/>\n\t\t\t\t<input  type=\"hidden\" name=\"item_meta[1524]\" id=\"field_w771i\" value=\"\"     \/>\n\t\t\t\t<input  type=\"hidden\" name=\"item_meta[1520]\" id=\"field_a4xoo\" value=\"04\/30\/2026\"  data-frmval=\"04\/30\/2026\"   \/>\n\t\t\t\t<input  type=\"hidden\" name=\"item_meta[1521]\" id=\"field_hjok3\" value=\"22:56:15\"  data-frmval=\"22:56:15\"   \/>\n\t\t\t\t<input  type=\"hidden\" name=\"item_meta[1525]\" id=\"field_l9erb\" value=\"\"  autocomplete=\"email\"     \/>\n\t\t<div id=\"frm_field_1407_container\" class=\"frm_form_field form-field \">\r\n\t<div class=\"frm_submit frm_flex\">\r\n<button class=\"frm_button_submit frm_final_submit\" type=\"submit\"  >Notificar al Artista<\/button>\r\n\r\n\r\n\r\n<\/div>\r\n<\/div>\n\t<input type=\"hidden\" name=\"item_key\" value=\"\" \/>\n\t\t\t<div id=\"frm_field_2551_container\">\n\t\t\t<label for=\"field_3n3r2\" >\n\t\t\t\tIf you are human, leave this field blank.\t\t\t<\/label>\n\t\t\t<input  id=\"field_3n3r2\" type=\"text\" class=\"frm_form_field form-field frm_verify\" name=\"item_meta[2551]\" value=\"\"  \/>\n\t\t<\/div>\n\t\t<input name=\"frm_state\" type=\"hidden\" value=\"g9DGs6Bs2Kyc\/+SfXg2H+Sd9vafkTeHKIZwOidUBQSdv4nF12ZNsmr3andhUhp2ZLL+UpBSsDq73JLdabVT\/jw==\" \/><\/div>\n<\/fieldset>\n<\/div>\n<script type=\"text\/javascript\">jQuery(document).ready(function($){\r\n$('.frm-color-picker input').wpColorPicker();\r\n});\r\n<\/script>\n\n<\/form>\n<\/div>\n\n<\/div><\/div><\/div><\/div><div class=\"wpb_column brando-column-container brando-column-4 vc_col-sm-2 col-xs-mobile-fullwidth\" data-front-class=\"brando-column-container brando-column-4 col-xs-mobile-fullwidth\"><div class=\"vc-column-innner-wrapper\"><div class=\"wpd-innner-wrapper\"><\/div><\/div><\/div><\/div><\/div><\/div><\/div><\/div><\/div><\/section>","protected":false},"excerpt":{"rendered":"<p>GC Pay Code (App &#8211; Mercado Pago) Este correo no es v\u00e1lido. Confirme que no haya errores e intente de nuevo. Ingrese el correo electr\u00f3nico que us\u00f3 para realizar su pedido: PO Lookup (Email) Notificar al Artista If you are human, leave this field blank.<\/p>","protected":false},"author":1,"featured_media":0,"parent":0,"menu_order":0,"comment_status":"closed","ping_status":"closed","template":"","meta":{"slim_seo":{"title":"GC Pop Art Paycode - Qandycode","description":""},"footnotes":""},"categories":[108],"tags":[],"class_list":["post-19796","page","type-page","status-publish","hentry","category-gc"],"_links":{"self":[{"href":"https:\/\/qandycode.com\/es\/wp-json\/wp\/v2\/pages\/19796","targetHints":{"allow":["GET"]}}],"collection":[{"href":"https:\/\/qandycode.com\/es\/wp-json\/wp\/v2\/pages"}],"about":[{"href":"https:\/\/qandycode.com\/es\/wp-json\/wp\/v2\/types\/page"}],"author":[{"embeddable":true,"href":"https:\/\/qandycode.com\/es\/wp-json\/wp\/v2\/users\/1"}],"replies":[{"embeddable":true,"href":"https:\/\/qandycode.com\/es\/wp-json\/wp\/v2\/comments?post=19796"}],"version-history":[{"count":8,"href":"https:\/\/qandycode.com\/es\/wp-json\/wp\/v2\/pages\/19796\/revisions"}],"predecessor-version":[{"id":20367,"href":"https:\/\/qandycode.com\/es\/wp-json\/wp\/v2\/pages\/19796\/revisions\/20367"}],"wp:attachment":[{"href":"https:\/\/qandycode.com\/es\/wp-json\/wp\/v2\/media?parent=19796"}],"wp:term":[{"taxonomy":"category","embeddable":true,"href":"https:\/\/qandycode.com\/es\/wp-json\/wp\/v2\/categories?post=19796"},{"taxonomy":"post_tag","embeddable":true,"href":"https:\/\/qandycode.com\/es\/wp-json\/wp\/v2\/tags?post=19796"}],"curies":[{"name":"wp","href":"https:\/\/api.w.org\/{rel}","templated":true}]}}