{"id":18121,"date":"2024-11-02T19:19:35","date_gmt":"2024-11-02T19:19:35","guid":{"rendered":"https:\/\/qandycode.com\/?page_id=18121"},"modified":"2025-06-17T14:24:16","modified_gmt":"2025-06-17T14:24:16","slug":"login","status":"publish","type":"page","link":"https:\/\/qandycode.com\/es\/login\/","title":{"rendered":"Login"},"content":{"rendered":"<section class=\"gradreversebg brando-row-1 no-padding-bottom\"><div class=\"container\"><div class=\"row\"><div class=\"wpb_column brando-column-container brando-column-1 vc_col-sm-8 col-xs-mobile-fullwidth\" data-front-class=\"brando-column-container brando-column-1 col-xs-mobile-fullwidth\"><div class=\"vc-column-innner-wrapper\"><div class=\"wpd-innner-wrapper\"><div class=\"vc_empty_space\"   style=\"height: 100px\"><span class=\"vc_empty_space_inner\"><\/span><\/div><div class=\"orange brando-text-1\"><h1 style=\"text-align: left;\">\u00a1Hola!<\/h1>\n<\/div><div class=\"homecopy brando-text-2\"><p style=\"text-align: left;\">Que gusto verte por aqu\u00ed de nuevo.<\/p>\n<\/div><\/div><\/div><\/div><div class=\"wpb_column brando-column-container brando-column-2 vc_col-sm-4 col-xs-mobile-fullwidth\" data-front-class=\"brando-column-container brando-column-2 col-xs-mobile-fullwidth\"><div class=\"vc-column-innner-wrapper\"><div class=\"wpd-innner-wrapper\"><div class=\"vc_empty_space\"   style=\"height: 100px\"><span class=\"vc_empty_space_inner\"><\/span><\/div><div class=\"brando-text-3\">\r\n<div class=\"xoo-el-form-container xoo-el-form-inline\" data-active=\"login\">\r\n\r\n\t\r\n\t\t<img decoding=\"async\" src=\"https:\/\/qandycode.com\/wp-content\/uploads\/2025\/06\/qaramelo-mgta.png\" placeholder=\"logo\" class=\"xoo-el-head-img\">\r\n\t\r\n\t\r\n<div class=\"xoo-el-header\">\r\n\t<ul class=\"xoo-el-tabs\">\r\n\t\t\r\n        \r\n\t\t\r\n\t<\/ul>\r\n<\/div>\r\n\t\r\n\t\r\n\t\t\r\n\t\t\t\r\n\t\t<div data-section=\"login\" class=\"xoo-el-section\">\r\n\r\n\t\t\t<div class=\"xoo-el-fields\">\r\n\r\n\t\t\t\t<div class=\"xoo-el-notice\"><\/div>\r\n\t\t\t\t<form class=\"xoo-el-action-form xoo-el-form-login\" action=\"\">\r\n\r\n\t\t\t\t\t\r\n\t\t\t\t\t<div class=\"xoo-el-fields-cont\"><div class=\"xoo-aff-group xoo-aff-cont-text one xoo-aff-cont-required xoo-el-username_cont\"><div class=\"xoo-aff-input-group\"><span class=\"xoo-aff-input-icon fas fa-user-plus\"><\/span><input type=\"text\" class=\"xoo-aff-required xoo-aff-text xoo-aff-field\" name=\"xoo-el-username\" placeholder=\"correo electr\u00f3nico\"  value=\"\" required=\"\t\" autocomplete=\"username\"\/><\/div><\/div><div class=\"xoo-aff-group xoo-aff-cont-password one xoo-aff-cont-required xoo-el-password_cont\"><div class=\"xoo-aff-input-group\"><span class=\"xoo-aff-input-icon fas fa-key\"><\/span><input type=\"password\" class=\"xoo-aff-required xoo-aff-password xoo-aff-field\" name=\"xoo-el-password\" placeholder=\"contrase\u00f1a\"  value=\"\" required=\"\t\" autocomplete=\"current-password\"\/><div class=\"xoo-aff-pw-toggle\">\r\n\t\t\t\t\t<span class=\"xoo-aff-pwtog-show\"><i class=\"far fa-eye\"><\/i><\/span>\r\n\t\t\t\t\t<span class=\"xoo-aff-pwtog-hide\"><i class=\"far fa-eye-slash\"><\/i><\/span>\r\n\t\t\t\t\t<\/div><\/div><\/div><\/div>\r\n<div class=\"xoo-aff-group xoo-el-login-btm-fields\">\r\n\t<label class=\"xoo-el-form-label\">\r\n\t\t<input type=\"checkbox\" name=\"xoo-el-rememberme\" value=\"forever\" \/>\r\n\t\t<span>Recordarme<\/span>\r\n\t<\/label>\r\n\t<a class=\"xoo-el-lostpw-tgr\" rel=\"nofollow\" href=\"#\">\u00bfOlvidaste la contrase\u00f1a?<\/a>\r\n<\/div>\r\n\r\n\r\n<input type=\"hidden\" name=\"_xoo_el_form\" value=\"login\">\r\n\r\n<button type=\"submit\" class=\"button btn xoo-el-action-btn xoo-el-login-btn\" >Sign in<\/button>\r\n\r\n<input type=\"hidden\" name=\"xoo_el_redirect\" value=\"https:\/\/qandycode.com\/mq-dashboard\/\">\r\n\t\t\t\t\t\r\n\t\t\t\t<input type=\"hidden\" name=\"trp-form-language\" value=\"es\"\/><\/form>\r\n\r\n\t\t\t\t\r\n\t\r\n\t\r\n\r\n\t\r\n\t\r\n\t\t\t<\/div>\r\n\r\n\t\t<\/div>\r\n\r\n\t\r\n\t\t\r\n\t\t\t\r\n\t\t<div data-section=\"lostpw\" class=\"xoo-el-section\">\r\n\r\n\t\t\t<div class=\"xoo-el-fields\">\r\n\r\n\t\t\t\t<div class=\"xoo-el-notice\"><\/div>\r\n\t\t\t\t<form class=\"xoo-el-action-form xoo-el-form-lostpw\" action=\"\">\r\n\r\n\t\t\t\t\t\r\n\t\t\t\t\t\r\n\r\n<span class=\"xoo-el-form-txt\">\u00bfOlvidaste tu contrase\u00f1a? Por favor ingresa tu nombre de usuario o correo electr\u00f3nico. Recibir\u00e1s en tu correo un enlace para crear nueva contrase\u00f1a.<\/span>\r\n\r\n<div class=\"xoo-el-fields-cont\"><div class=\"xoo-aff-group xoo-aff-cont-text one xoo-aff-cont-required user_login_cont\"><div class=\"xoo-aff-input-group\"><span class=\"xoo-aff-input-icon fas fa-user-plus\"><\/span><input type=\"text\" class=\"xoo-aff-required xoo-aff-text xoo-aff-field\" name=\"user_login\" placeholder=\"Username \/ Email\"  value=\"\" required=\"\t\"\/><\/div><\/div><\/div>\r\n\r\n<input type=\"hidden\" name=\"_xoo_el_form\" value=\"lostPassword\">\r\n\r\n<input type=\"hidden\" name=\"_wp_http_referer\" value=\"\/es\/wp-json\/wp\/v2\/pages\/18121\" \/>\r\n<button type=\"submit\" class=\"button btn xoo-el-action-btn xoo-el-lostpw-btn\">Email Reset Link<\/button>\r\n\t\t\t\t\t\r\n\t\t\t\t<input type=\"hidden\" name=\"trp-form-language\" value=\"es\"\/><\/form>\r\n\r\n\t\t\t\t\r\n\t\r\n\t\r\n\r\n\t\r\n\t\r\n\t\t\t<\/div>\r\n\r\n\t\t<\/div>\r\n\r\n\t\r\n\t\r\n<\/div>\n<\/div><div class=\"vc_empty_space\"   style=\"height: 100px\"><span class=\"vc_empty_space_inner\"><\/span><\/div><\/div><\/div><\/div><\/div><\/div><\/section>","protected":false},"excerpt":{"rendered":"<p>Hello! Nice to see you again. Recordarme \u00bfOlvidaste la contrase\u00f1a? Sign in \u00bfOlvidaste tu contrase\u00f1a? Por favor ingresa tu nombre de usuario o correo electr\u00f3nico. Recibir\u00e1s en tu correo un enlace para crear nueva contrase\u00f1a. Email Reset Link<\/p>","protected":false},"author":1,"featured_media":0,"parent":0,"menu_order":0,"comment_status":"closed","ping_status":"closed","template":"","meta":{"slim_seo":{"title":"Login - Qandycode","description":""},"footnotes":""},"categories":[85],"tags":[],"class_list":["post-18121","page","type-page","status-publish","hentry","category-frontend"],"_links":{"self":[{"href":"https:\/\/qandycode.com\/es\/wp-json\/wp\/v2\/pages\/18121","targetHints":{"allow":["GET"]}}],"collection":[{"href":"https:\/\/qandycode.com\/es\/wp-json\/wp\/v2\/pages"}],"about":[{"href":"https:\/\/qandycode.com\/es\/wp-json\/wp\/v2\/types\/page"}],"author":[{"embeddable":true,"href":"https:\/\/qandycode.com\/es\/wp-json\/wp\/v2\/users\/1"}],"replies":[{"embeddable":true,"href":"https:\/\/qandycode.com\/es\/wp-json\/wp\/v2\/comments?post=18121"}],"version-history":[{"count":11,"href":"https:\/\/qandycode.com\/es\/wp-json\/wp\/v2\/pages\/18121\/revisions"}],"predecessor-version":[{"id":19475,"href":"https:\/\/qandycode.com\/es\/wp-json\/wp\/v2\/pages\/18121\/revisions\/19475"}],"wp:attachment":[{"href":"https:\/\/qandycode.com\/es\/wp-json\/wp\/v2\/media?parent=18121"}],"wp:term":[{"taxonomy":"category","embeddable":true,"href":"https:\/\/qandycode.com\/es\/wp-json\/wp\/v2\/categories?post=18121"},{"taxonomy":"post_tag","embeddable":true,"href":"https:\/\/qandycode.com\/es\/wp-json\/wp\/v2\/tags?post=18121"}],"curies":[{"name":"wp","href":"https:\/\/api.w.org\/{rel}","templated":true}]}}