{"id":11707,"date":"2024-10-06T15:46:57","date_gmt":"2024-10-06T15:46:57","guid":{"rendered":"https:\/\/qandycode.com\/?page_id=11707"},"modified":"2025-02-23T18:32:57","modified_gmt":"2025-02-23T18:32:57","slug":"qandycode-privacy-policy","status":"publish","type":"page","link":"https:\/\/qandycode.com\/es\/qandycode-privacy-policy\/","title":{"rendered":"Qandycode Privacy Policy"},"content":{"rendered":"<section class=\"brando-row-1\"><div class=\"container\"><div class=\"row\"><div class=\"wpb_column brando-column-container brando-column-1 vc_col-sm-12 col-xs-mobile-fullwidth legalcopy padding-seven-all\" data-front-class=\"brando-column-container brando-column-1 col-xs-mobile-fullwidth legalcopy padding-seven-all\"><div class=\"vc-column-innner-wrapper\"><div class=\"wpd-innner-wrapper\"><div class=\"brando-text-1\"><h1>Su Privacidad Es Importante Para Nosotros<\/h1>\n<\/div><div class=\"vc_empty_space\"   style=\"height: 20px\"><span class=\"vc_empty_space_inner\"><\/span><\/div><div class=\"brando-text-2\"><p>Este aviso explica nuestras pr\u00e1cticas de informaci\u00f3n en l\u00ednea y las opciones que puede elegir sobre la forma en que se utiliza su informaci\u00f3n en nuestro sitio web (qandycode.com).<\/p>\n<p>The purpose of this privacy policy (this \"Privacy Policy\") is to inform users of our Site (Qandycode.com) of the following:<\/p>\n<ul>\n<li>Los datos personales que recopilaremos;<\/li>\n<li>Utilizaci\u00f3n de los datos recopilados;<\/li>\n<li>\u00bfQui\u00e9n tiene acceso a los datos recopilados?<\/li>\n<li>Los derechos de los usuarios del Sitio; y<\/li>\n<li>The Site's cookie policy.<\/li>\n<\/ul>\n<p>Esta Pol\u00edtica de Privacidad se aplica adem\u00e1s de los t\u00e9rminos y condiciones de nuestro Sitio.<\/p>\n<p>Al utilizar nuestro Sitio, los usuarios aceptan que consienten:<\/p>\n<ul>\n<li>Las condiciones establecidas en esta Pol\u00edtica de Privacidad; y<\/li>\n<li>La recopilaci\u00f3n, uso y retenci\u00f3n de los datos enumerados en esta Pol\u00edtica de Privacidad.<\/li>\n<\/ul>\n<p>Solo recopilamos datos que nos ayudan a lograr el prop\u00f3sito establecido en esta Pol\u00edtica de Privacidad. No recopilaremos datos adicionales a los que se indican a continuaci\u00f3n sin notific\u00e1rselo previamente.<\/p>\n<h2>Datos recopilados autom\u00e1ticamente<\/h2>\n<p>Cuando visita y utiliza nuestro Sitio, podemos recopilar y almacenar autom\u00e1ticamente la siguiente informaci\u00f3n:<\/p>\n<ul>\n<li>Direcci\u00f3n IP;<\/li>\n<li>Ubicaci\u00f3n;<\/li>\n<li>Enlaces en los que se hizo clic; y<\/li>\n<li>Contenido visto.<\/li>\n<\/ul>\n<h2>Datos recopilados de forma no autom\u00e1tica<\/h2>\n<p>Tambi\u00e9n podemos recopilar los siguientes datos cuando realiza ciertas funciones en nuestro Sitio:<\/p>\n<ul>\n<li>Direcci\u00f3n de correo electr\u00f3nico;<\/li>\n<li>N\u00famero de tel\u00e9fono;<\/li>\n<li>Direcci\u00f3n; y<\/li>\n<li>Informaci\u00f3n de pago.<\/li>\n<\/ul>\n<p>Estos datos podr\u00e1n recopilarse mediante los m\u00e9todos siguientes:<\/p>\n<ul>\n<li>Creando una cuenta.<\/li>\n<\/ul>\n<h2>C\u00f3mo utilizamos los datos personales<\/h2>\n<p>Los datos recopilados en nuestro Sitio se utilizar\u00e1n \u00fanicamente para los fines especificados en esta Pol\u00edtica de Privacidad o indicados en las p\u00e1ginas correspondientes de nuestro Sitio. No utilizaremos sus datos m\u00e1s all\u00e1 de lo indicado en esta Pol\u00edtica de Privacidad.<\/p>\n<p>Los datos que recopilamos autom\u00e1ticamente se utilizan para los siguientes fines:<\/p>\n<ul>\n<li>Estad\u00edsticas.<\/li>\n<\/ul>\n<p>Los datos que recopilamos cuando el usuario realiza determinadas funciones podr\u00e1n ser utilizados para los siguientes fines:<\/p>\n<ul>\n<li>Pago.<\/li>\n<\/ul>\n<p>Al comprar con nosotros, le solicitaremos informaci\u00f3n como su nombre, direcci\u00f3n de facturaci\u00f3n, direcci\u00f3n de env\u00edo, correo electr\u00f3nico, n\u00famero de tel\u00e9fono, datos de la tarjeta de cr\u00e9dito\/pago e informaci\u00f3n opcional de la cuenta, como su nombre de usuario y contrase\u00f1a. Utilizaremos esta informaci\u00f3n para, por ejemplo, los siguientes fines:<\/p>\n<ul>\n<li>Enviarle informaci\u00f3n sobre su cuenta y pedido<\/li>\n<li>Responder a sus solicitudes, incluidos reembolsos y quejas.<\/li>\n<li>Procesar pagos y prevenir fraudes<\/li>\n<li>Configura tu cuenta para nuestra tienda<\/li>\n<li>Cumplir con cualquier obligaci\u00f3n legal que tengamos, como el c\u00e1lculo de impuestos.<\/li>\n<li>Mejorar la oferta de nuestras tiendas<\/li>\n<li>Enviarle mensajes de marketing, si elige recibirlos<\/li>\n<\/ul>\n<p>Si crea una cuenta, almacenaremos su nombre, direcci\u00f3n, correo electr\u00f3nico y n\u00famero de tel\u00e9fono, que se utilizar\u00e1n para completar el proceso de pago para futuros pedidos.<\/p>\n<p>Generalmente, almacenamos su informaci\u00f3n mientras la necesitemos para los fines para los que la recopilamos y utilizamos, y no estemos legalmente obligados a seguir conserv\u00e1ndola. Por ejemplo, almacenaremos la informaci\u00f3n de sus pedidos durante 7 a\u00f1os para fines fiscales y contables. Esto incluye su nombre, direcci\u00f3n de correo electr\u00f3nico y direcciones de facturaci\u00f3n y env\u00edo.<\/p>\n<p>Tambi\u00e9n almacenaremos comentarios o rese\u00f1as, si decide dejarlos.<\/p>\n<p>Aceptamos pagos a trav\u00e9s de PayPal. Al procesar pagos, algunos de sus datos se transferir\u00e1n a PayPal, incluyendo la informaci\u00f3n necesaria para procesar o respaldar el pago, como el total de la compra y la informaci\u00f3n de facturaci\u00f3n.<\/p>\n<p>Consulte la <a href=\"https:\/\/www.paypal.com\/us\/webapps\/mpp\/ua\/privacy-full\">Pol\u00edtica de privacidad de PayPal<\/a> para obtener m\u00e1s detalles.<\/p>\n<h2>Empleados<\/h2>\n<p>Podemos divulgar datos del usuario a cualquier miembro de nuestra organizaci\u00f3n que razonablemente necesite acceso a los datos del usuario para lograr los fines establecidos en esta Pol\u00edtica de privacidad.<\/p>\n<p>Los miembros de nuestro equipo tienen acceso a la informaci\u00f3n que nos proporcionas. Por ejemplo, tanto los administradores como los gerentes de tienda pueden acceder a:<\/p>\n<ul>\n<li>Informaci\u00f3n del pedido como qu\u00e9 se compr\u00f3, cu\u00e1ndo se compr\u00f3 y d\u00f3nde debe enviarse, y<\/li>\n<li>Informaci\u00f3n del cliente como su nombre, direcci\u00f3n de correo electr\u00f3nico e informaci\u00f3n de facturaci\u00f3n y env\u00edo.<\/li>\n<\/ul>\n<p>Los miembros de nuestro equipo tienen acceso a esta informaci\u00f3n para ayudar a completar pedidos, procesar reembolsos y brindarle apoyo.<\/p>\n<h2>Otras divulgaciones<\/h2>\n<p>No venderemos ni compartiremos sus datos con otros terceros, excepto en los siguientes casos:<\/p>\n<ul>\n<li>Si la ley lo exige;<\/li>\n<li>Si es requerido para cualquier tr\u00e1mite legal;<\/li>\n<li>Para probar o proteger nuestros derechos legales; y<\/li>\n<li>A los compradores o potenciales compradores de esta empresa en el caso de que busquemos vender la empresa.<\/li>\n<\/ul>\n<p>Si sigue hiperv\u00ednculos de nuestro Sitio a otro Sitio, tenga en cuenta que no somos responsables ni tenemos control sobre sus pol\u00edticas y pr\u00e1cticas de privacidad.<\/p>\n<p>Los datos del usuario se conservar\u00e1n hasta que se alcance el objetivo para el que fueron recogidos.<\/p>\n<p>Se le notificar\u00e1 si sus datos se conservan durante m\u00e1s tiempo que este per\u00edodo.<\/p>\n<p>In order to protect your security, we use the strongest available browser encryption and store all of our data on servers in secure facilities. All data is only accessible to our employees. Our employees are bound by strict confidentiality agreements and a breach of this agreement would result in the employee's termination.<\/p>\n<p>Si bien tomamos todas las precauciones razonables para garantizar la seguridad y protecci\u00f3n de los datos de los usuarios, siempre existe el riesgo de sufrir da\u00f1os. Internet en general puede ser inseguro en ocasiones y, por lo tanto, no podemos garantizar la seguridad de los datos de los usuarios m\u00e1s all\u00e1 de lo razonablemente pr\u00e1ctico.<\/p>\n<p>No recopilamos ni utilizamos deliberadamente datos personales de menores de 13 a\u00f1os. Si descubrimos que hemos recopilado datos personales de un menor de 13 a\u00f1os, los eliminaremos lo antes posible.<\/p>\n<h2>Aviso de no seguimiento<\/h2>\n<p>Do Not Track (\"DNT\") is a privacy preference that you can set in certain web browsers. We do not track the users of our Site over time and across third party websites and therefore do not respond to browser-initiated DNT signals.<\/p>\n<h2>Pol\u00edtica de cookies<\/h2>\n<p>A cookie is a small file, stored on a user's hard drive by a website. Its purpose is to collect data relating to the user's browsing habits. You can choose to be notified each time a cookie is transmitted. You can also choose to disable cookies entirely in your internet browser, but this may decrease the quality of your user experience.<\/p>\n<p>Si dejas un comentario en nuestro sitio, puedes optar por guardar tu nombre, direcci\u00f3n de correo electr\u00f3nico y sitio web en cookies. Esto es para tu comodidad, para que no tengas que volver a rellenar tus datos cuando dejes otro comentario. Estas cookies tienen una duraci\u00f3n de un a\u00f1o.<\/p>\n<p>Si visita nuestra p\u00e1gina de inicio de sesi\u00f3n, instalaremos una cookie temporal para determinar si su navegador acepta cookies. Esta cookie no contiene datos personales y se elimina al cerrar el navegador.<\/p>\n<p>When you log in, we will also set up several cookies to save your login information and your screen display choices. Login cookies last for two days, and screen options cookies last for a year. If you select \"Remember Me\", your login will persist for two weeks. If you log out of your account, the login cookies will be removed.<\/p>\n<p>Utilizamos los siguientes tipos de cookies en nuestro Sitio:<\/p>\n<h3>Cookies Funcionales<\/h3>\n<p>Las cookies funcionales se utilizan para recordar las selecciones que realiza en nuestro Sitio para que sus selecciones se guarden para sus pr\u00f3ximas visitas; y<\/p>\n<h3>Cookies Anal\u00edticas<\/h3>\n<p>Las cookies anal\u00edticas nos permiten mejorar el dise\u00f1o y la funcionalidad de nuestro Sitio al recopilar datos sobre c\u00f3mo accede a nuestro Sitio, por ejemplo, datos sobre el contenido al que accede, cu\u00e1nto tiempo permanece en nuestro Sitio, etc.<\/p>\n<p>Este sitio utiliza cach\u00e9 para ofrecer un tiempo de respuesta m\u00e1s r\u00e1pido y una mejor experiencia de usuario. La cach\u00e9 almacena potencialmente una copia duplicada de cada p\u00e1gina web que se muestra en este sitio. Todos los archivos de cach\u00e9 son temporales y ning\u00fan tercero accede a ellos, excepto cuando sea necesario para obtener soporte t\u00e9cnico del proveedor del plugin de cach\u00e9. Los archivos de cach\u00e9 expiran seg\u00fan un calendario establecido por el administrador del sitio, pero pueden ser eliminados f\u00e1cilmente antes de su vencimiento natural, si es necesario. Podemos utilizar los servicios de QUIC.cloud para procesar y almacenar en cach\u00e9 sus datos temporalmente. Consulte <a href=\"https:\/\/www.quic.cloud\/privacy-policy\/\"> Quic's Privacy Policy<\/a> para obtener m\u00e1s detalles.<\/p>\n<h2>Bolet\u00edn informativo y correos electr\u00f3nicos<\/h2>\n<p>Si se ha suscrito a nuestro bolet\u00edn o si es miembro de nuestro sitio web (puede iniciar sesi\u00f3n) o si ha comprado en nuestro sitio web, es muy probable que reciba correos electr\u00f3nicos nuestros.<\/p>\n<p>Solo le enviaremos correos electr\u00f3nicos para los cuales se haya registrado o que est\u00e9n relacionados con los servicios que le brindamos.<\/p>\n<p>Para enviarte correos electr\u00f3nicos, utilizamos el nombre y la direcci\u00f3n de correo electr\u00f3nico que nos proporcionas. Nuestro sitio tambi\u00e9n registra la direcci\u00f3n IP que usaste al registrarte para evitar el uso indebido del sistema.<\/p>\n<p>Este sitio web puede enviar correos electr\u00f3nicos a trav\u00e9s del servicio de env\u00edo Mailchimp. Este servicio nos permite rastrear las aperturas y los clics en nuestros correos. Utilizamos esta informaci\u00f3n para mejorar el contenido de nuestros boletines informativos.<\/p>\n<p>No se rastrea ning\u00fan otro tipo de informaci\u00f3n identificable fuera de este sitio web, a excepci\u00f3n de la direcci\u00f3n de correo electr\u00f3nico.<\/p>\n<h2>Modificaciones<\/h2>\n<p>This Privacy Policy may be amended from time to time in order to maintain compliance with the law and to reflect any changes to our data collection process. When we amend this Privacy Policy we will update the \"Effective Date\" at the top of this Privacy Policy. We recommend that our users periodically review our Privacy Policy to ensure that they are notified of any updates. If necessary, we may notify users by email of changes to this Privacy Policy.<\/p>\n<\/div><\/div><\/div><\/div><\/div><\/div><\/section>","protected":false},"excerpt":{"rendered":"<p>Your privacy is important to us This notice explains our online information practices and the choices you can make about the way your information is used at our Website (qandycode.com) The purpose of this privacy policy (this &#8220;Privacy Policy&#8221;) is to inform users of our Site (Qandycode.com) of the following: The personal data we will [&hellip;]<\/p>\n","protected":false},"author":1,"featured_media":0,"parent":0,"menu_order":0,"comment_status":"closed","ping_status":"closed","template":"","meta":{"slim_seo":{"title":"Qandycode Privacy Policy - Qandycode","description":""},"footnotes":""},"categories":[85],"tags":[],"class_list":["post-11707","page","type-page","status-publish","hentry","category-frontend"],"_links":{"self":[{"href":"https:\/\/qandycode.com\/es\/wp-json\/wp\/v2\/pages\/11707","targetHints":{"allow":["GET"]}}],"collection":[{"href":"https:\/\/qandycode.com\/es\/wp-json\/wp\/v2\/pages"}],"about":[{"href":"https:\/\/qandycode.com\/es\/wp-json\/wp\/v2\/types\/page"}],"author":[{"embeddable":true,"href":"https:\/\/qandycode.com\/es\/wp-json\/wp\/v2\/users\/1"}],"replies":[{"embeddable":true,"href":"https:\/\/qandycode.com\/es\/wp-json\/wp\/v2\/comments?post=11707"}],"version-history":[{"count":10,"href":"https:\/\/qandycode.com\/es\/wp-json\/wp\/v2\/pages\/11707\/revisions"}],"predecessor-version":[{"id":15730,"href":"https:\/\/qandycode.com\/es\/wp-json\/wp\/v2\/pages\/11707\/revisions\/15730"}],"wp:attachment":[{"href":"https:\/\/qandycode.com\/es\/wp-json\/wp\/v2\/media?parent=11707"}],"wp:term":[{"taxonomy":"category","embeddable":true,"href":"https:\/\/qandycode.com\/es\/wp-json\/wp\/v2\/categories?post=11707"},{"taxonomy":"post_tag","embeddable":true,"href":"https:\/\/qandycode.com\/es\/wp-json\/wp\/v2\/tags?post=11707"}],"curies":[{"name":"wp","href":"https:\/\/api.w.org\/{rel}","templated":true}]}}