{"id":11674,"date":"2024-10-06T15:10:06","date_gmt":"2024-10-06T15:10:06","guid":{"rendered":"https:\/\/qandycode.com\/?page_id=11674"},"modified":"2024-10-20T13:33:51","modified_gmt":"2024-10-20T13:33:51","slug":"terms-of-service","status":"publish","type":"page","link":"https:\/\/qandycode.com\/es\/terms-of-service\/","title":{"rendered":"Condiciones De Servicio"},"content":{"rendered":"<section class=\"brando-row-1\"><div class=\"container\"><div class=\"row\"><div class=\"wpb_column brando-column-container brando-column-1 vc_col-sm-12 col-xs-mobile-fullwidth legalcopy padding-seven-all\" data-front-class=\"brando-column-container brando-column-1 col-xs-mobile-fullwidth legalcopy padding-seven-all\"><div class=\"vc-column-innner-wrapper\"><div class=\"wpd-innner-wrapper\"><div class=\"brando-text-1\"><h1>Condiciones De Servicio<\/h1>\n<\/div><div class=\"vc_empty_space\"   style=\"height: 20px\"><span class=\"vc_empty_space_inner\"><\/span><\/div><div class=\"brando-text-2\"><p>These Terms of Service (the \"Terms of Service\") govern the use of (the \"Site\"). This Site is owned and operated by RD Medina Creative Agency. This Site is an ecommerce website. By using this Site, you indicate that you have read and understand these Terms of Service and agree to abide by them at all times.<\/p>\n<h2>Propiedad intelectual<\/h2>\n<p>All content published and made available on our Site is the property of RD Medina Creative Agency and the Site's creators. This includes, but is not limited to images, text, logos, documents, downloadable files and anything that contributes to the composition of our Site.<\/p>\n<h3>Al Crear Una Cuenta En Nuestro Sitio, Usted Acepta Lo Siguiente:<\/h3>\n<p>Usted es el \u00fanico responsable de su cuenta y de la seguridad y privacidad de su cuenta, incluidas las contrase\u00f1as o la informaci\u00f3n confidencial asociada a esa cuenta; y<\/p>\n<p>Toda la informaci\u00f3n personal que nos proporcione a trav\u00e9s de su cuenta est\u00e1 actualizada, es precisa y veraz y usted actualizar\u00e1 su informaci\u00f3n personal si cambia.<\/p>\n<p>Nos reservamos el derecho de suspender o cancelar su cuenta si utiliza nuestro Sitio ilegalmente o si viola estos T\u00e9rminos de Servicio.<\/p>\n<p>RD Medina Creative Agency y nuestros directores, funcionarios, agentes, empleados, subsidiarias y afiliados no ser\u00e1n responsables de ninguna acci\u00f3n, reclamo, p\u00e9rdida, da\u00f1o, responsabilidad y gasto, incluidos los honorarios legales, derivados de su uso del Sitio.<\/p>\n<h2>Indemnidad<\/h2>\n<p>Excepto donde lo proh\u00edba la ley, al usar este Sitio usted indemniza y exime de responsabilidad a RD Medina Creative Agency y a nuestros directores, funcionarios, agentes, empleados, subsidiarias y afiliados de cualquier acci\u00f3n, reclamo, p\u00e9rdida, da\u00f1o, responsabilidad y gasto, incluidos los honorarios legales que surjan de su uso de nuestro Sitio o su violaci\u00f3n de estos T\u00e9rminos de Servicio.<\/p>\n<h2>Ley aplicable<\/h2>\n<p>Estos T\u00e9rminos de Servicio se rigen por las leyes del Estado de Florida y los Estados Unidos Mexicanos.<\/p>\n<h2>Divisibilidad<\/h2>\n<p>Si en alg\u00fan momento alguna de las disposiciones de estos T\u00e9rminos de Servicio se considera incompatible o inv\u00e1lida seg\u00fan la legislaci\u00f3n aplicable, dicha disposici\u00f3n se considerar\u00e1 nula y se eliminar\u00e1 de estos T\u00e9rminos de Servicio. Las dem\u00e1s disposiciones no se ver\u00e1n afectadas por la eliminaci\u00f3n y el resto de estos T\u00e9rminos de Servicio se considerar\u00e1 v\u00e1lido.<\/p>\n<h2>Cambios<\/h2>\n<p>Estos T\u00e9rminos de Servicio pueden modificarse ocasionalmente para cumplir con la ley y reflejar cualquier cambio en la forma en que operamos nuestro Sitio y en c\u00f3mo esperamos que los usuarios se comporten en \u00e9l. Notificaremos a los usuarios por correo electr\u00f3nico sobre los cambios en estos T\u00e9rminos de Servicio o publicaremos un aviso en nuestro Sitio.<\/p>\n<\/div><\/div><\/div><\/div><\/div><\/div><\/section>","protected":false},"excerpt":{"rendered":"<p>Terms of Service These Terms of Service (the &#8220;Terms of Service&#8221;) govern the use of (the &#8220;Site&#8221;). This Site is owned and operated by RD Medina Creative Agency. This Site is an ecommerce website. By using this Site, you indicate that you have read and understand these Terms of Service and agree to abide by [&hellip;]<\/p>\n","protected":false},"author":1,"featured_media":0,"parent":0,"menu_order":0,"comment_status":"closed","ping_status":"closed","template":"","meta":{"slim_seo":{"title":"Terms of Service - Qandycode","description":""},"footnotes":""},"categories":[85],"tags":[],"class_list":["post-11674","page","type-page","status-publish","hentry","category-frontend"],"_links":{"self":[{"href":"https:\/\/qandycode.com\/es\/wp-json\/wp\/v2\/pages\/11674","targetHints":{"allow":["GET"]}}],"collection":[{"href":"https:\/\/qandycode.com\/es\/wp-json\/wp\/v2\/pages"}],"about":[{"href":"https:\/\/qandycode.com\/es\/wp-json\/wp\/v2\/types\/page"}],"author":[{"embeddable":true,"href":"https:\/\/qandycode.com\/es\/wp-json\/wp\/v2\/users\/1"}],"replies":[{"embeddable":true,"href":"https:\/\/qandycode.com\/es\/wp-json\/wp\/v2\/comments?post=11674"}],"version-history":[{"count":6,"href":"https:\/\/qandycode.com\/es\/wp-json\/wp\/v2\/pages\/11674\/revisions"}],"predecessor-version":[{"id":15732,"href":"https:\/\/qandycode.com\/es\/wp-json\/wp\/v2\/pages\/11674\/revisions\/15732"}],"wp:attachment":[{"href":"https:\/\/qandycode.com\/es\/wp-json\/wp\/v2\/media?parent=11674"}],"wp:term":[{"taxonomy":"category","embeddable":true,"href":"https:\/\/qandycode.com\/es\/wp-json\/wp\/v2\/categories?post=11674"},{"taxonomy":"post_tag","embeddable":true,"href":"https:\/\/qandycode.com\/es\/wp-json\/wp\/v2\/tags?post=11674"}],"curies":[{"name":"wp","href":"https:\/\/api.w.org\/{rel}","templated":true}]}}